{"id":109,"date":"2020-12-31T20:48:26","date_gmt":"2020-12-31T19:48:26","guid":{"rendered":"https:\/\/dario-balekic.com\/?page_id=109"},"modified":"2021-01-01T17:32:12","modified_gmt":"2021-01-01T16:32:12","slug":"zbor-coronata","status":"publish","type":"page","link":"https:\/\/dario-balekic.com\/index.php\/zbor-coronata\/","title":{"rendered":"Zbor Coronata"},"content":{"rendered":"<p>[et_pb_section fb_built=&#8221;1&#8243; specialty=&#8221;on&#8221; padding_top_bottom_link_1=&#8221;false&#8221; padding_top_1=&#8221;110px&#8221; padding_1_tablet=&#8221;|||&#8221; padding_1_last_edited=&#8221;off|desktop&#8221; admin_label=&#8221;Header&#8221; _builder_version=&#8221;4.7.7&#8243; custom_padding=&#8221;100px|0px|54px|0px|false|false&#8221;][et_pb_column type=&#8221;1_2&#8243; _builder_version=&#8221;3.25&#8243; custom_padding=&#8221;|||&#8221; custom_padding__hover=&#8221;|||&#8221;][et_pb_text _builder_version=&#8221;4.7.7&#8243; text_font=&#8221;Open Sans||||||||&#8221; text_font_size=&#8221;16px&#8221; text_line_height=&#8221;2em&#8221; header_font=&#8221;Playfair Display SC||||||||&#8221; header_font_size=&#8221;50px&#8221; header_line_height=&#8221;1.5em&#8221; header_2_font=&#8221;Playfair Display SC||||||||&#8221; header_2_font_size=&#8221;24px&#8221; header_2_line_height=&#8221;1.3em&#8221; header_6_font=&#8221;||||||||&#8221; max_width_last_edited=&#8221;off|desktop&#8221; module_alignment=&#8221;center&#8221; custom_margin=&#8221;-149px||80px|||&#8221; custom_padding=&#8221;|||&#8221; text_font_size_tablet=&#8221;&#8221; text_font_size_phone=&#8221;14px&#8221; text_font_size_last_edited=&#8221;on|desktop&#8221; header_font_size_tablet=&#8221;50px&#8221; header_font_size_phone=&#8221;32px&#8221; header_font_size_last_edited=&#8221;on|phone&#8221; header_2_font_size_tablet=&#8221;&#8221; header_2_font_size_phone=&#8221;20px&#8221; header_2_font_size_last_edited=&#8221;on|desktop&#8221; locked=&#8221;off&#8221;]<\/p>\n<h1>Zbor Coronata<\/h1>\n<p><strong>\u017dupni zbor mladih Coronata<\/strong><\/p>\n<p>iz Ku\u0161evca zapo\u010deo je s djelovanjem 2006. godine pod vodstvom s. Natanaele Pali\u0107.<\/p>\n<p>\u00a0Zbor prvenstveno oboga\u0107uje liturgiju i druge pobo\u017enosti svojim aktivnim sudjelovanjem. <\/p>\n<p>[\/et_pb_text][\/et_pb_column][et_pb_column type=&#8221;1_2&#8243; specialty_columns=&#8221;2&#8243; _builder_version=&#8221;3.25&#8243; custom_padding=&#8221;|||&#8221; custom_padding__hover=&#8221;|||&#8221;][et_pb_row_inner _builder_version=&#8221;3.25&#8243; custom_margin_tablet=&#8221;100px|||&#8221; custom_margin_phone=&#8221;-12px|||||&#8221; custom_margin_last_edited=&#8221;on|phone&#8221; custom_padding=&#8221;0px|0px|0px|0px|true|false&#8221; box_shadow_style=&#8221;preset4&#8243; box_shadow_horizontal=&#8221;260px&#8221; box_shadow_vertical=&#8221;-100px&#8221; box_shadow_color=&#8221;#e4edea&#8221;][et_pb_column_inner saved_specialty_column_type=&#8221;1_2&#8243; _builder_version=&#8221;3.25&#8243; custom_padding=&#8221;|||&#8221; custom_padding__hover=&#8221;|||&#8221;][et_pb_image src=&#8221;https:\/\/dario-balekic.com\/wp-content\/uploads\/2020\/12\/P1010179.jpg&#8221; title_text=&#8221;OLYMPUS DIGITAL CAMERA&#8221; align_tablet=&#8221;center&#8221; align_phone=&#8221;&#8221; align_last_edited=&#8221;on|desktop&#8221; _builder_version=&#8221;4.7.7&#8243; custom_margin=&#8221;-50px|||||&#8221; animation_style=&#8221;zoom&#8221; animation_intensity_zoom=&#8221;5%&#8221; border_width_all=&#8221;24px&#8221; border_color_all=&#8221;#ffffff&#8221; box_shadow_style=&#8221;preset3&#8243; box_shadow_vertical=&#8221;70px&#8221; box_shadow_blur=&#8221;150px&#8221; box_shadow_color=&#8221;rgba(0,0,0,0.2)&#8221; locked=&#8221;off&#8221;][\/et_pb_image][\/et_pb_column_inner][\/et_pb_row_inner][\/et_pb_column][\/et_pb_section][et_pb_section fb_built=&#8221;1&#8243; specialty=&#8221;on&#8221; padding_top_bottom_link_1=&#8221;false&#8221; padding_top_1=&#8221;110px&#8221; padding_1_tablet=&#8221;|||&#8221; padding_1_last_edited=&#8221;off|desktop&#8221; admin_label=&#8221;Header&#8221; _builder_version=&#8221;4.7.7&#8243; custom_padding=&#8221;83px|0px|54px|0px|false|false&#8221;][et_pb_column type=&#8221;1_2&#8243; _builder_version=&#8221;3.25&#8243; custom_padding=&#8221;|||&#8221; custom_padding__hover=&#8221;|||&#8221;][et_pb_text _builder_version=&#8221;4.7.7&#8243; text_font=&#8221;Open Sans||||||||&#8221; text_font_size=&#8221;16px&#8221; text_line_height=&#8221;2em&#8221; header_font=&#8221;Playfair Display SC||||||||&#8221; header_font_size=&#8221;50px&#8221; header_line_height=&#8221;1.5em&#8221; header_2_font=&#8221;Playfair Display SC||||||||&#8221; header_2_font_size=&#8221;24px&#8221; header_2_line_height=&#8221;1.3em&#8221; header_6_font=&#8221;||||||||&#8221; max_width_last_edited=&#8221;off|desktop&#8221; module_alignment=&#8221;center&#8221; custom_margin=&#8221;-195px||23px|||&#8221; custom_padding=&#8221;|||&#8221; text_font_size_tablet=&#8221;&#8221; text_font_size_phone=&#8221;14px&#8221; text_font_size_last_edited=&#8221;on|desktop&#8221; header_font_size_tablet=&#8221;50px&#8221; header_font_size_phone=&#8221;32px&#8221; header_font_size_last_edited=&#8221;on|phone&#8221; header_2_font_size_tablet=&#8221;&#8221; header_2_font_size_phone=&#8221;20px&#8221; header_2_font_size_last_edited=&#8221;on|desktop&#8221; locked=&#8221;off&#8221;]<\/p>\n<p>Gostovao je u Bosni i Hercegovini, Srijemu te u mnogim \u017eupama u Slavoniji. \u00a0<\/p>\n<p>\u00a0Na festivalima duhovne glazbe Bonofestu u Vukovaru, Tonkafestu u Ogulinu te Dugafestu u\u00a0Ludbregu, do sada su izveli devet autorskih skladbi.<\/p>\n<p>[\/et_pb_text][et_pb_image src=&#8221;https:\/\/dario-balekic.com\/wp-content\/uploads\/2020\/12\/P1010192.jpg&#8221; title_text=&#8221;OLYMPUS DIGITAL CAMERA&#8221; align_tablet=&#8221;center&#8221; align_phone=&#8221;&#8221; align_last_edited=&#8221;on|desktop&#8221; _builder_version=&#8221;4.7.7&#8243; custom_margin=&#8221;16px|||||&#8221; animation_style=&#8221;zoom&#8221; animation_intensity_zoom=&#8221;5%&#8221; border_width_all=&#8221;24px&#8221; border_color_all=&#8221;#ffffff&#8221; box_shadow_style=&#8221;preset3&#8243; box_shadow_vertical=&#8221;70px&#8221; box_shadow_blur=&#8221;150px&#8221; box_shadow_color=&#8221;rgba(0,0,0,0.2)&#8221; locked=&#8221;off&#8221;][\/et_pb_image][\/et_pb_column][et_pb_column type=&#8221;1_2&#8243; specialty_columns=&#8221;2&#8243; _builder_version=&#8221;3.25&#8243; custom_padding=&#8221;|||&#8221; custom_padding__hover=&#8221;|||&#8221;][et_pb_row_inner _builder_version=&#8221;3.25&#8243; custom_margin_tablet=&#8221;100px|||&#8221; custom_margin_phone=&#8221;&#8221; custom_margin_last_edited=&#8221;on|phone&#8221; custom_padding=&#8221;0|0px|0|0px|true|false&#8221; box_shadow_style=&#8221;preset4&#8243; box_shadow_horizontal=&#8221;260px&#8221; box_shadow_vertical=&#8221;-100px&#8221; box_shadow_color=&#8221;#e4edea&#8221;][et_pb_column_inner saved_specialty_column_type=&#8221;1_2&#8243; _builder_version=&#8221;3.25&#8243; custom_padding=&#8221;|||&#8221; custom_padding__hover=&#8221;|||&#8221;][et_pb_image src=&#8221;https:\/\/dario-balekic.com\/wp-content\/uploads\/2020\/12\/cornata1.jpg&#8221; title_text=&#8221;cornata1&#8243; align_tablet=&#8221;center&#8221; align_phone=&#8221;&#8221; align_last_edited=&#8221;on|desktop&#8221; _builder_version=&#8221;4.7.7&#8243; custom_margin=&#8221;-51px|||||&#8221; animation_style=&#8221;zoom&#8221; animation_intensity_zoom=&#8221;5%&#8221; border_width_all=&#8221;24px&#8221; border_color_all=&#8221;#ffffff&#8221; box_shadow_style=&#8221;preset3&#8243; box_shadow_vertical=&#8221;70px&#8221; box_shadow_blur=&#8221;150px&#8221; box_shadow_color=&#8221;rgba(0,0,0,0.2)&#8221; locked=&#8221;off&#8221;][\/et_pb_image][et_pb_text _builder_version=&#8221;4.7.7&#8243; text_font=&#8221;Open Sans||||||||&#8221; text_font_size=&#8221;16px&#8221; text_line_height=&#8221;2em&#8221; header_font=&#8221;Playfair Display SC||||||||&#8221; header_font_size=&#8221;50px&#8221; header_line_height=&#8221;1.5em&#8221; header_2_font=&#8221;Playfair Display SC||||||||&#8221; header_2_font_size=&#8221;24px&#8221; header_2_line_height=&#8221;1.3em&#8221; header_6_font=&#8221;||||||||&#8221; max_width_last_edited=&#8221;off|desktop&#8221; module_alignment=&#8221;center&#8221; custom_margin=&#8221;||80px|&#8221; custom_padding=&#8221;|||&#8221; text_font_size_tablet=&#8221;&#8221; text_font_size_phone=&#8221;14px&#8221; text_font_size_last_edited=&#8221;on|desktop&#8221; header_font_size_tablet=&#8221;50px&#8221; header_font_size_phone=&#8221;32px&#8221; header_font_size_last_edited=&#8221;on|phone&#8221; header_2_font_size_tablet=&#8221;&#8221; header_2_font_size_phone=&#8221;20px&#8221; header_2_font_size_last_edited=&#8221;on|desktop&#8221; locked=&#8221;off&#8221;]<\/p>\n<p>Redovito odr\u017eavaju koncerte u svojoj \u017eupnoj zajednici povodom proslave dana njihove za\u0161titnice, Kraljice Svete Krunice.<\/p>\n<p>\u00a0Osobito su ponosni na svoj prvi album: <em><strong>Poka\u017ei mi put<\/strong><\/em><em>,<\/em> kojega su predstavili 2009. godine.<\/p>\n<p>[\/et_pb_text][\/et_pb_column_inner][\/et_pb_row_inner][\/et_pb_column][\/et_pb_section]<\/p>\n","protected":false},"excerpt":{"rendered":"<p>Zbor Coronata \u017dupni zbor mladih Coronata iz Ku\u0161evca zapo\u010deo je s djelovanjem 2006. godine pod vodstvom s. Natanaele Pali\u0107. \u00a0Zbor prvenstveno oboga\u0107uje liturgiju i druge pobo\u017enosti svojim aktivnim sudjelovanjem. Gostovao je u Bosni i Hercegovini, Srijemu te u mnogim \u017eupama u Slavoniji. \u00a0 \u00a0Na festivalima duhovne glazbe Bonofestu u Vukovaru, Tonkafestu u Ogulinu te Dugafestu [&hellip;]<\/p>\n","protected":false},"author":1,"featured_media":0,"parent":0,"menu_order":0,"comment_status":"closed","ping_status":"closed","template":"","meta":{"_et_pb_use_builder":"on","_et_pb_old_content":"","_et_gb_content_width":""},"yoast_head":"<!-- This site is optimized with the Yoast SEO plugin v17.9 - https:\/\/yoast.com\/wordpress\/plugins\/seo\/ -->\n<title>Zbor Coronata - Dario Baleki\u0107<\/title>\n<meta name=\"robots\" content=\"index, follow, max-snippet:-1, max-image-preview:large, max-video-preview:-1\" \/>\n<link rel=\"canonical\" href=\"https:\/\/dario-balekic.com\/index.php\/zbor-coronata\/\" \/>\n<meta property=\"og:locale\" content=\"hr_HR\" \/>\n<meta property=\"og:type\" content=\"article\" \/>\n<meta property=\"og:title\" content=\"Zbor Coronata - Dario Baleki\u0107\" \/>\n<meta property=\"og:description\" content=\"Zbor Coronata \u017dupni zbor mladih Coronata iz Ku\u0161evca zapo\u010deo je s djelovanjem 2006. godine pod vodstvom s. Natanaele Pali\u0107. \u00a0Zbor prvenstveno oboga\u0107uje liturgiju i druge pobo\u017enosti svojim aktivnim sudjelovanjem. Gostovao je u Bosni i Hercegovini, Srijemu te u mnogim \u017eupama u Slavoniji. \u00a0 \u00a0Na festivalima duhovne glazbe Bonofestu u Vukovaru, Tonkafestu u Ogulinu te Dugafestu [&hellip;]\" \/>\n<meta property=\"og:url\" content=\"https:\/\/dario-balekic.com\/index.php\/zbor-coronata\/\" \/>\n<meta property=\"og:site_name\" content=\"Dario Baleki\u0107\" \/>\n<meta property=\"article:publisher\" content=\"https:\/\/hr-hr.facebook.com\/dario.balekic\" \/>\n<meta property=\"article:modified_time\" content=\"2021-01-01T16:32:12+00:00\" \/>\n<meta property=\"og:image\" content=\"https:\/\/dario-balekic.com\/wp-content\/uploads\/2020\/12\/Dario-logo1.png\" \/>\n\t<meta property=\"og:image:width\" content=\"550\" \/>\n\t<meta property=\"og:image:height\" content=\"190\" \/>\n\t<meta property=\"og:image:type\" content=\"image\/png\" \/>\n<meta name=\"twitter:card\" content=\"summary_large_image\" \/>\n<meta name=\"twitter:label1\" content=\"Procijenjeno vrijeme \u010ditanja\" \/>\n\t<meta name=\"twitter:data1\" content=\"5 minuta\" \/>\n<script type=\"application\/ld+json\" class=\"yoast-schema-graph\">{\"@context\":\"https:\/\/schema.org\",\"@graph\":[{\"@type\":[\"Person\",\"Organization\"],\"@id\":\"https:\/\/dario-balekic.com\/#\/schema\/person\/fce3faeceac348ebdbcf41c7bab7c738\",\"name\":\"Dario Baleki\\u0107\",\"image\":{\"@type\":\"ImageObject\",\"@id\":\"https:\/\/dario-balekic.com\/#personlogo\",\"inLanguage\":\"hr\",\"url\":\"https:\/\/dario-balekic.com\/wp-content\/uploads\/2020\/12\/Dario-logo1.png\",\"contentUrl\":\"https:\/\/dario-balekic.com\/wp-content\/uploads\/2020\/12\/Dario-logo1.png\",\"width\":550,\"height\":190,\"caption\":\"Dario Baleki\\u0107\"},\"logo\":{\"@id\":\"https:\/\/dario-balekic.com\/#personlogo\"},\"sameAs\":[\"https:\/\/dario-balekic.com\",\"https:\/\/hr-hr.facebook.com\/dario.balekic\"]},{\"@type\":\"WebSite\",\"@id\":\"https:\/\/dario-balekic.com\/#website\",\"url\":\"https:\/\/dario-balekic.com\/\",\"name\":\"Dario Baleki\\u0107\",\"description\":\"\",\"publisher\":{\"@id\":\"https:\/\/dario-balekic.com\/#\/schema\/person\/fce3faeceac348ebdbcf41c7bab7c738\"},\"potentialAction\":[{\"@type\":\"SearchAction\",\"target\":{\"@type\":\"EntryPoint\",\"urlTemplate\":\"https:\/\/dario-balekic.com\/?s={search_term_string}\"},\"query-input\":\"required name=search_term_string\"}],\"inLanguage\":\"hr\"},{\"@type\":\"WebPage\",\"@id\":\"https:\/\/dario-balekic.com\/index.php\/zbor-coronata\/#webpage\",\"url\":\"https:\/\/dario-balekic.com\/index.php\/zbor-coronata\/\",\"name\":\"Zbor Coronata - Dario Baleki\\u0107\",\"isPartOf\":{\"@id\":\"https:\/\/dario-balekic.com\/#website\"},\"datePublished\":\"2020-12-31T19:48:26+00:00\",\"dateModified\":\"2021-01-01T16:32:12+00:00\",\"breadcrumb\":{\"@id\":\"https:\/\/dario-balekic.com\/index.php\/zbor-coronata\/#breadcrumb\"},\"inLanguage\":\"hr\",\"potentialAction\":[{\"@type\":\"ReadAction\",\"target\":[\"https:\/\/dario-balekic.com\/index.php\/zbor-coronata\/\"]}]},{\"@type\":\"BreadcrumbList\",\"@id\":\"https:\/\/dario-balekic.com\/index.php\/zbor-coronata\/#breadcrumb\",\"itemListElement\":[{\"@type\":\"ListItem\",\"position\":1,\"name\":\"Po\\u010detna stranica\",\"item\":\"https:\/\/dario-balekic.com\/\"},{\"@type\":\"ListItem\",\"position\":2,\"name\":\"Zbor Coronata\"}]}]}<\/script>\n<!-- \/ Yoast SEO plugin. -->","yoast_head_json":{"title":"Zbor Coronata - Dario Baleki\u0107","robots":{"index":"index","follow":"follow","max-snippet":"max-snippet:-1","max-image-preview":"max-image-preview:large","max-video-preview":"max-video-preview:-1"},"canonical":"https:\/\/dario-balekic.com\/index.php\/zbor-coronata\/","og_locale":"hr_HR","og_type":"article","og_title":"Zbor Coronata - Dario Baleki\u0107","og_description":"Zbor Coronata \u017dupni zbor mladih Coronata iz Ku\u0161evca zapo\u010deo je s djelovanjem 2006. godine pod vodstvom s. Natanaele Pali\u0107. \u00a0Zbor prvenstveno oboga\u0107uje liturgiju i druge pobo\u017enosti svojim aktivnim sudjelovanjem. Gostovao je u Bosni i Hercegovini, Srijemu te u mnogim \u017eupama u Slavoniji. \u00a0 \u00a0Na festivalima duhovne glazbe Bonofestu u Vukovaru, Tonkafestu u Ogulinu te Dugafestu [&hellip;]","og_url":"https:\/\/dario-balekic.com\/index.php\/zbor-coronata\/","og_site_name":"Dario Baleki\u0107","article_publisher":"https:\/\/hr-hr.facebook.com\/dario.balekic","article_modified_time":"2021-01-01T16:32:12+00:00","og_image":[{"width":550,"height":190,"url":"https:\/\/dario-balekic.com\/wp-content\/uploads\/2020\/12\/Dario-logo1.png","type":"image\/png"}],"twitter_card":"summary_large_image","twitter_misc":{"Procijenjeno vrijeme \u010ditanja":"5 minuta"},"schema":{"@context":"https:\/\/schema.org","@graph":[{"@type":["Person","Organization"],"@id":"https:\/\/dario-balekic.com\/#\/schema\/person\/fce3faeceac348ebdbcf41c7bab7c738","name":"Dario Baleki\u0107","image":{"@type":"ImageObject","@id":"https:\/\/dario-balekic.com\/#personlogo","inLanguage":"hr","url":"https:\/\/dario-balekic.com\/wp-content\/uploads\/2020\/12\/Dario-logo1.png","contentUrl":"https:\/\/dario-balekic.com\/wp-content\/uploads\/2020\/12\/Dario-logo1.png","width":550,"height":190,"caption":"Dario Baleki\u0107"},"logo":{"@id":"https:\/\/dario-balekic.com\/#personlogo"},"sameAs":["https:\/\/dario-balekic.com","https:\/\/hr-hr.facebook.com\/dario.balekic"]},{"@type":"WebSite","@id":"https:\/\/dario-balekic.com\/#website","url":"https:\/\/dario-balekic.com\/","name":"Dario Baleki\u0107","description":"","publisher":{"@id":"https:\/\/dario-balekic.com\/#\/schema\/person\/fce3faeceac348ebdbcf41c7bab7c738"},"potentialAction":[{"@type":"SearchAction","target":{"@type":"EntryPoint","urlTemplate":"https:\/\/dario-balekic.com\/?s={search_term_string}"},"query-input":"required name=search_term_string"}],"inLanguage":"hr"},{"@type":"WebPage","@id":"https:\/\/dario-balekic.com\/index.php\/zbor-coronata\/#webpage","url":"https:\/\/dario-balekic.com\/index.php\/zbor-coronata\/","name":"Zbor Coronata - Dario Baleki\u0107","isPartOf":{"@id":"https:\/\/dario-balekic.com\/#website"},"datePublished":"2020-12-31T19:48:26+00:00","dateModified":"2021-01-01T16:32:12+00:00","breadcrumb":{"@id":"https:\/\/dario-balekic.com\/index.php\/zbor-coronata\/#breadcrumb"},"inLanguage":"hr","potentialAction":[{"@type":"ReadAction","target":["https:\/\/dario-balekic.com\/index.php\/zbor-coronata\/"]}]},{"@type":"BreadcrumbList","@id":"https:\/\/dario-balekic.com\/index.php\/zbor-coronata\/#breadcrumb","itemListElement":[{"@type":"ListItem","position":1,"name":"Po\u010detna stranica","item":"https:\/\/dario-balekic.com\/"},{"@type":"ListItem","position":2,"name":"Zbor Coronata"}]}]}},"_links":{"self":[{"href":"https:\/\/dario-balekic.com\/index.php\/wp-json\/wp\/v2\/pages\/109"}],"collection":[{"href":"https:\/\/dario-balekic.com\/index.php\/wp-json\/wp\/v2\/pages"}],"about":[{"href":"https:\/\/dario-balekic.com\/index.php\/wp-json\/wp\/v2\/types\/page"}],"author":[{"embeddable":true,"href":"https:\/\/dario-balekic.com\/index.php\/wp-json\/wp\/v2\/users\/1"}],"replies":[{"embeddable":true,"href":"https:\/\/dario-balekic.com\/index.php\/wp-json\/wp\/v2\/comments?post=109"}],"version-history":[{"count":5,"href":"https:\/\/dario-balekic.com\/index.php\/wp-json\/wp\/v2\/pages\/109\/revisions"}],"predecessor-version":[{"id":173,"href":"https:\/\/dario-balekic.com\/index.php\/wp-json\/wp\/v2\/pages\/109\/revisions\/173"}],"wp:attachment":[{"href":"https:\/\/dario-balekic.com\/index.php\/wp-json\/wp\/v2\/media?parent=109"}],"curies":[{"name":"wp","href":"https:\/\/api.w.org\/{rel}","templated":true}]}}